{"id":112,"date":"2020-07-27T22:14:17","date_gmt":"2020-07-28T01:14:17","guid":{"rendered":"http:\/\/www.dbvb.utalca.cl\/dbvb\/?page_id=112"},"modified":"2024-05-31T16:56:02","modified_gmt":"2024-05-31T19:56:02","slug":"lineas-de-investigacion","status":"publish","type":"page","link":"https:\/\/www.dbvb.utalca.cl\/dbvb\/?page_id=112","title":{"rendered":"L\u00edneas de investigaci\u00f3n"},"content":{"rendered":"<div class=\"fusion-fullwidth fullwidth-box fusion-builder-row-1 nonhundred-percent-fullwidth non-hundred-percent-height-scrolling\"  style='background-color: rgba(255,255,255,0);background-position: center center;background-repeat: no-repeat;padding-top:0px;padding-right:0px;padding-bottom:0px;padding-left:0px;'><div class=\"fusion-builder-row fusion-row \"><div  class=\"fusion-layout-column fusion_builder_column fusion_builder_column_1_1 fusion-builder-column-0 fusion-one-full fusion-column-first fusion-column-last 1_1\"  style='margin-top:0px;margin-bottom:20px;'><div class=\"fusion-column-wrapper\" style=\"padding: 0px 0px 0px 0px;background-position:left top;background-repeat:no-repeat;-webkit-background-size:cover;-moz-background-size:cover;-o-background-size:cover;background-size:cover;\"   data-bg-url=\"\"><style type=\"text\/css\">@media only screen and (max-width:800px) {.fusion-title.fusion-title-1{margin-top:10px!important;margin-bottom:10px!important;}}<\/style><div class=\"fusion-title title fusion-title-1 fusion-title-text fusion-title-size-two\" style=\"margin-top:10px;margin-bottom:15px;\"><h2 class=\"title-heading-left\" style=\"margin:0;\">L\u00edneas de Investigaci\u00f3n<\/h2><div class=\"title-sep-container\"><div class=\"title-sep sep-double sep-solid\" style=\"border-color:#e2e2e2;\"><\/div><\/div><\/div><style type=\"text\/css\">.fusion-accordian  #accordion-112-1 .panel-title a .fa-fusion-box{ color: #ffffff;}.fusion-accordian  #accordion-112-1 .panel-title a .fa-fusion-box:before{ font-size: 22px; width: 22px;}.fusion-accordian  #accordion-112-1 .panel-title a{font-size:20px;}.fusion-accordian  #accordion-112-1 .fa-fusion-box { background-color: #212934;border-color: #212934;}.fusion-accordian  #accordion-112-1 .panel-title a:hover, #accordion-112-1 .fusion-toggle-boxed-mode:hover .panel-title a { color: #00bcd4;}.fusion-accordian  #accordion-112-1 .panel-title .active .fa-fusion-box,.fusion-accordian  #accordion-112-1 .panel-title a:hover .fa-fusion-box { background-color: #00bcd4!important;border-color: #00bcd4!important;}<\/style><div class=\"accordian fusion-accordian\"><div class=\"panel-group\" id=\"accordion-112-1\" role=\"tablist\"><div class=\"fusion-panel panel-default\" role=\"tabpanel\"><div class=\"panel-heading\"><h4 class=\"panel-title toggle\"><a class=\"active\" aria-expanded=\"true\" aria-selected=\"true\" aria-controls=\"4b7e1205ec13ccbc7\" role=\"tab\" data-toggle=\"collapse\" data-parent=\"#accordion-112-1\" data-target=\"#4b7e1205ec13ccbc7\" href=\"#4b7e1205ec13ccbc7\"><span class=\"fusion-toggle-icon-wrapper\" aria-hidden=\"true\"><i class=\"fa-fusion-box\"><\/i><\/span><span class=\"fusion-toggle-heading\">Estr\u00e9s bi\u00f3tico y abi\u00f3tico<\/span><\/a><\/h4><\/div><div id=\"4b7e1205ec13ccbc7\" class=\"panel-collapse collapse in\"><div class=\"panel-body toggle-content fusion-clearfix\">\n<p>Las plantas terrestres pueden verse afectadas por factores estresantes abi\u00f3ticos (como sequ\u00eda, salinidad, temperaturas extremas, alta radiaci\u00f3n) y bi\u00f3ticos (ej., herbivor\u00eda, microorganismos pat\u00f3genos) en su h\u00e1bitat. Se espera que los efectos negativos de estos agentes sobre la productividad vegetal aumenten durante este siglo debido al actual Cambio Clim\u00e1tico Global (CCG), amenazando as\u00ed la seguridad alimentaria, forestal y la biodiversidad. Desde un punto de vista molecular, celular y mecan\u00edstico, se llevan a cabo investigaciones relativas a la regulaci\u00f3n, funci\u00f3n y caracterizaci\u00f3n estructural de productos g\u00e9nicos involucrados en conferir tolerancia en las plantas frente a condiciones ambientales desfavorables, v\u00edas de se\u00f1alizaci\u00f3n de fitohormonas, iones y biomol\u00e9culas y sus respuestas funcionales cruzadas y el medio externo incluyendo factores bi\u00f3ticos y abi\u00f3ticos.<\/p>\n<p><u>Acad\u00e9micos del claustro asociados:<\/u> Dr. Sim\u00f3n Ruiz, Dra. Wendy Gonz\u00e1lez, Dr. Marco Molina, Dr. Ingo Dreyer, Dr. Erwan Michard, Dr. Patricio Ramos y Dr. Eduardo Castro.<\/p>\n<p><u>Acad\u00e9mico colaborador asociado:<\/u> Dr. Jos\u00e9 Madrid<\/p>\n<\/div><\/div><\/div><div class=\"fusion-panel panel-default\" role=\"tabpanel\"><div class=\"panel-heading\"><h4 class=\"panel-title toggle\"><a aria-expanded=\"false\" aria-selected=\"false\" aria-controls=\"998ecc0ba282b542b\" role=\"tab\" data-toggle=\"collapse\" data-parent=\"#accordion-112-1\" data-target=\"#998ecc0ba282b542b\" href=\"#998ecc0ba282b542b\"><span class=\"fusion-toggle-icon-wrapper\" aria-hidden=\"true\"><i class=\"fa-fusion-box\"><\/i><\/span><span class=\"fusion-toggle-heading\">Recursos fitogen\u00e9ticos cultivados y nativos<\/span><\/a><\/h4><\/div><div id=\"998ecc0ba282b542b\" class=\"panel-collapse collapse \"><div class=\"panel-body toggle-content fusion-clearfix\">\n<p>La mayor parte de las especies que componen los cultivos agr\u00edcolas y plantaciones forestales en Chile son introducidas, y requieren ser manejadas adecu\u00e1ndose a las caracter\u00edsticas ambientales para mantener su rendimiento. Consecuentemente, investigadores del DBVB trabajan en caracterizar la adaptaci\u00f3n de estas especies introducidas a las condiciones locales, as\u00ed como bioprospectar recursos gen\u00e9ticos nativos considerando el alto nivel de endemismo en Chile. En ambos casos es posible el desarrollo de programas de selecci\u00f3n de variedades de especies vegetales de relevancia para el pa\u00eds. Para ello, se estudia la gen\u00e9tica y gen\u00f3mica funcional del desarrollo floral y frutal, la domesticaci\u00f3n de plantas frutales nativas, la fisiolog\u00eda de la maduraci\u00f3n de frutos mediante regulaci\u00f3n hormonal, ablandamiento y producci\u00f3n de compuestos que proporcionan aromas, la bioqu\u00edmica y fisiolog\u00eda de postcosecha de frutos, la selecci\u00f3n asistida en gen\u00f3mica para mejorar la producci\u00f3n de biomasa y bioetanol, y los mecanismos moleculares involucrados en la remodelaci\u00f3n de la pared vegetal en especies forestales. Todos estos aspectos se estudian utilizando como modelo tanto especies nativas como introducidas.<\/p>\n<p><u>Acad\u00e9micos del claustro asociados:<\/u> Dra. Alejandra Moya, Dr. Carlos Figueroa, Dr. Fernando Guerra, Dr. Freddy Mora y Dr. Patricio Ramos.<\/p>\n<p><u>Acad\u00e9micos colaboradores asociados:<\/u> Dr. Carlos Gaete y Dr. Ra\u00fal Herrera.<\/p>\n<\/div><\/div><\/div><div class=\"fusion-panel panel-default\" role=\"tabpanel\"><div class=\"panel-heading\"><h4 class=\"panel-title toggle\"><a aria-expanded=\"false\" aria-selected=\"false\" aria-controls=\"107f8204bfae8efa2\" role=\"tab\" data-toggle=\"collapse\" data-parent=\"#accordion-112-1\" data-target=\"#107f8204bfae8efa2\" href=\"#107f8204bfae8efa2\"><span class=\"fusion-toggle-icon-wrapper\" aria-hidden=\"true\"><i class=\"fa-fusion-box\"><\/i><\/span><span class=\"fusion-toggle-heading\">Ecolog\u00eda molecular y funcional<\/span><\/a><\/h4><\/div><div id=\"107f8204bfae8efa2\" class=\"panel-collapse collapse \"><div class=\"panel-body toggle-content fusion-clearfix\">\n<p>La amenaza bi\u00f3tica de los insectos herb\u00edvoros sobre la agricultura se espera aumente a medida que el calentamiento global y las sequ\u00edas progresan porque las plagas tienden ser m\u00e1s exitosas en climas m\u00e1s c\u00e1lidos. Con el CCG la ocurrencia de eventos de invasi\u00f3n es m\u00e1s probable y el control biol\u00f3gico pierde efectividad. En este contexto, investigadores del DBVB estudian las bases ecol\u00f3gicas, fisiol\u00f3gicas y moleculares de la agresividad de las plagas agr\u00edcolas tanto introducidas como nativas, y sus consecuencias evolutivas. Adem\u00e1s, se estudia el rol de ciertas bacterias sobre rasgos agron\u00f3micos relevantes que contribuyen al estatus de plaga y sus consecuencias sobre el funcionamiento de los agroecosistemas, y las bases ecol\u00f3gicas y gen\u00f3micas de la especializaci\u00f3n de los enemigos naturales de insectos plaga, con el fin de mejorar la efectividad del control biol\u00f3gico. Por otra parte, las plantas proporcionan un nicho ecol\u00f3gico \u00fanico para diversas comunidades de microorganismos simbi\u00f3ticos cr\u00edpticos (por ej. hongos end\u00f3fitos), las que a menudo contribuyen con m\u00faltiples beneficios a las plantas (mayor rendimiento fisiol\u00f3gico, eficiencia en el uso de nutrientes y agua, y tolerancia a la sequ\u00eda, enfermedades, calor y plagas). Se llevan a cabo investigaciones con \u00e9nfasis en la prospecci\u00f3n de simbiontes microbianos que permitan el desarrollo de nuevas herramientas para la protecci\u00f3n y mejora del desempe\u00f1o de los cultivos y especies nativas.<\/p>\n<p><u>Acad\u00e9micos del claustro asociados: <\/u>Dr. Claudio Ram\u00edrez, Dr. Marco Molina, Dr. Christian Figueroa, Dr. Pedro Gundel, Dra. Frida Piper y Dr. Alex Fajardo.<\/p>\n<p><u>Acad\u00e9mico colaborador asociado<\/u>: Dr. Blas Lavandero<\/p>\n<\/div><\/div><\/div><\/div><\/div><div class=\"fusion-clearfix\"><\/div><\/div><\/div><\/div><\/div><style type=\"text\/css\">.fusion-fullwidth.fusion-builder-row-1 a:not(.fusion-button):not(.fusion-builder-module-control):not(.fusion-social-network-icon):not(.fb-icon-element):not(.fusion-countdown-link):not(.fusion-rollover-link):not(.fusion-rollover-gallery):not(.fusion-button-bar):not(.add_to_cart_button):not(.show_details_button):not(.product_type_external):not(.fusion-quick-view):not(.fusion-rollover-title-link):not(.fusion-breadcrumb-link) , .fusion-fullwidth.fusion-builder-row-1 a:not(.fusion-button):not(.fusion-builder-module-control):not(.fusion-social-network-icon):not(.fb-icon-element):not(.fusion-countdown-link):not(.fusion-rollover-link):not(.fusion-rollover-gallery):not(.fusion-button-bar):not(.add_to_cart_button):not(.show_details_button):not(.product_type_external):not(.fusion-quick-view):not(.fusion-rollover-title-link):not(.fusion-breadcrumb-link):before, .fusion-fullwidth.fusion-builder-row-1 a:not(.fusion-button):not(.fusion-builder-module-control):not(.fusion-social-network-icon):not(.fb-icon-element):not(.fusion-countdown-link):not(.fusion-rollover-link):not(.fusion-rollover-gallery):not(.fusion-button-bar):not(.add_to_cart_button):not(.show_details_button):not(.product_type_external):not(.fusion-quick-view):not(.fusion-rollover-title-link):not(.fusion-breadcrumb-link):after {color: #212934;}.fusion-fullwidth.fusion-builder-row-1 a:not(.fusion-button):not(.fusion-builder-module-control):not(.fusion-social-network-icon):not(.fb-icon-element):not(.fusion-countdown-link):not(.fusion-rollover-link):not(.fusion-rollover-gallery):not(.fusion-button-bar):not(.add_to_cart_button):not(.show_details_button):not(.product_type_external):not(.fusion-quick-view):not(.fusion-rollover-title-link):not(.fusion-breadcrumb-link):hover, .fusion-fullwidth.fusion-builder-row-1 a:not(.fusion-button):not(.fusion-builder-module-control):not(.fusion-social-network-icon):not(.fb-icon-element):not(.fusion-countdown-link):not(.fusion-rollover-link):not(.fusion-rollover-gallery):not(.fusion-button-bar):not(.add_to_cart_button):not(.show_details_button):not(.product_type_external):not(.fusion-quick-view):not(.fusion-rollover-title-link):not(.fusion-breadcrumb-link):hover:before, .fusion-fullwidth.fusion-builder-row-1 a:not(.fusion-button):not(.fusion-builder-module-control):not(.fusion-social-network-icon):not(.fb-icon-element):not(.fusion-countdown-link):not(.fusion-rollover-link):not(.fusion-rollover-gallery):not(.fusion-button-bar):not(.add_to_cart_button):not(.show_details_button):not(.product_type_external):not(.fusion-quick-view):not(.fusion-rollover-title-link):not(.fusion-breadcrumb-link):hover:after {color: #00bcd4;}.fusion-fullwidth.fusion-builder-row-1 .pagination a.inactive:hover, .fusion-fullwidth.fusion-builder-row-1 .fusion-filters .fusion-filter.fusion-active a {border-color: #00bcd4;}.fusion-fullwidth.fusion-builder-row-1 .pagination .current {border-color: #00bcd4; background-color: #00bcd4;}.fusion-fullwidth.fusion-builder-row-1 .fusion-filters .fusion-filter.fusion-active a, .fusion-fullwidth.fusion-builder-row-1 .fusion-date-and-formats .fusion-format-box, .fusion-fullwidth.fusion-builder-row-1 .fusion-popover, .fusion-fullwidth.fusion-builder-row-1 .tooltip-shortcode {color: #00bcd4;}#main .fusion-fullwidth.fusion-builder-row-1 .post .blog-shortcode-post-title a:hover {color: #00bcd4;}<\/style>\n","protected":false},"excerpt":{"rendered":"","protected":false},"author":1,"featured_media":0,"parent":0,"menu_order":0,"comment_status":"closed","ping_status":"closed","template":"","meta":[],"_links":{"self":[{"href":"https:\/\/www.dbvb.utalca.cl\/dbvb\/index.php?rest_route=\/wp\/v2\/pages\/112"}],"collection":[{"href":"https:\/\/www.dbvb.utalca.cl\/dbvb\/index.php?rest_route=\/wp\/v2\/pages"}],"about":[{"href":"https:\/\/www.dbvb.utalca.cl\/dbvb\/index.php?rest_route=\/wp\/v2\/types\/page"}],"author":[{"embeddable":true,"href":"https:\/\/www.dbvb.utalca.cl\/dbvb\/index.php?rest_route=\/wp\/v2\/users\/1"}],"replies":[{"embeddable":true,"href":"https:\/\/www.dbvb.utalca.cl\/dbvb\/index.php?rest_route=%2Fwp%2Fv2%2Fcomments&post=112"}],"version-history":[{"count":13,"href":"https:\/\/www.dbvb.utalca.cl\/dbvb\/index.php?rest_route=\/wp\/v2\/pages\/112\/revisions"}],"predecessor-version":[{"id":2144,"href":"https:\/\/www.dbvb.utalca.cl\/dbvb\/index.php?rest_route=\/wp\/v2\/pages\/112\/revisions\/2144"}],"wp:attachment":[{"href":"https:\/\/www.dbvb.utalca.cl\/dbvb\/index.php?rest_route=%2Fwp%2Fv2%2Fmedia&parent=112"}],"curies":[{"name":"wp","href":"https:\/\/api.w.org\/{rel}","templated":true}]}}