{"id":1273,"date":"2022-08-09T01:19:14","date_gmt":"2022-08-09T04:19:14","guid":{"rendered":"http:\/\/www.dbvb.utalca.cl\/dbvb\/?page_id=1273"},"modified":"2022-08-09T01:19:48","modified_gmt":"2022-08-09T04:19:48","slug":"noticia-1","status":"publish","type":"page","link":"https:\/\/www.dbvb.utalca.cl\/dbvb\/?page_id=1273","title":{"rendered":"Noticia DBVB"},"content":{"rendered":"<p><img loading=\"lazy\" class=\"size-medium wp-image-1271 alignleft\" src=\"http:\/\/www.dbvb.utalca.cl\/dbvb\/wp-content\/uploads\/2022\/08\/1660018147665-300x226.jpg\" alt=\"\" width=\"300\" height=\"226\" srcset=\"https:\/\/www.dbvb.utalca.cl\/dbvb\/wp-content\/uploads\/2022\/08\/1660018147665-200x151.jpg 200w, https:\/\/www.dbvb.utalca.cl\/dbvb\/wp-content\/uploads\/2022\/08\/1660018147665-300x226.jpg 300w, https:\/\/www.dbvb.utalca.cl\/dbvb\/wp-content\/uploads\/2022\/08\/1660018147665-400x301.jpg 400w, https:\/\/www.dbvb.utalca.cl\/dbvb\/wp-content\/uploads\/2022\/08\/1660018147665-600x452.jpg 600w, https:\/\/www.dbvb.utalca.cl\/dbvb\/wp-content\/uploads\/2022\/08\/1660018147665.jpg 635w\" sizes=\"(max-width: 300px) 100vw, 300px\" \/>El Dr. Carlos Maldonado, egresado del DBVB, se integraga como investigador al \u00e1rea de Bioinform\u00e1tica y Biolog\u00eda computacional del Centro de Gen\u00f3mica y Bioinform\u00e1tica de la Universidad Mayor. La investigaci\u00f3n del Dr. Maldonado se centra en la utilizaci\u00f3n de algoritmos computacionales e inteligencia artificial en estudios de asociaci\u00f3n y selecci\u00f3n gen\u00f3mica en modelos vegetales productivos.<\/p>\n<p>Cabe mencionar que la tesis doctoral del Dr. Maldonado se titul\u00f3: \u00a0\u201cMapeo asociativo de genoma completo (GWAS) para el \u00e1ngulo foliar, altura de la planta y altura de la primera mazorca en l\u00edneas endog\u00e1micas de ma\u00edz (<em>Zea mays<\/em> L.).\u201d y fue dirigida por el Dr. Freddy Mora, Profesor del Claustro del DBVB e investigador del Instituto de Ciencias Biol\u00f3gicas de la Universidad de Talca.<\/p>\n<p>Fuente: Centro de Gen\u00f3mica y Bioinform\u00e1tica de la Universidad Mayor<\/p>\n","protected":false},"excerpt":{"rendered":"<p>El Dr. Carlos Maldonado, egresado del DBVB, se integraga como [&hellip;]<\/p>\n","protected":false},"author":3,"featured_media":0,"parent":0,"menu_order":0,"comment_status":"closed","ping_status":"closed","template":"","meta":[],"_links":{"self":[{"href":"https:\/\/www.dbvb.utalca.cl\/dbvb\/index.php?rest_route=\/wp\/v2\/pages\/1273"}],"collection":[{"href":"https:\/\/www.dbvb.utalca.cl\/dbvb\/index.php?rest_route=\/wp\/v2\/pages"}],"about":[{"href":"https:\/\/www.dbvb.utalca.cl\/dbvb\/index.php?rest_route=\/wp\/v2\/types\/page"}],"author":[{"embeddable":true,"href":"https:\/\/www.dbvb.utalca.cl\/dbvb\/index.php?rest_route=\/wp\/v2\/users\/3"}],"replies":[{"embeddable":true,"href":"https:\/\/www.dbvb.utalca.cl\/dbvb\/index.php?rest_route=%2Fwp%2Fv2%2Fcomments&post=1273"}],"version-history":[{"count":2,"href":"https:\/\/www.dbvb.utalca.cl\/dbvb\/index.php?rest_route=\/wp\/v2\/pages\/1273\/revisions"}],"predecessor-version":[{"id":1275,"href":"https:\/\/www.dbvb.utalca.cl\/dbvb\/index.php?rest_route=\/wp\/v2\/pages\/1273\/revisions\/1275"}],"wp:attachment":[{"href":"https:\/\/www.dbvb.utalca.cl\/dbvb\/index.php?rest_route=%2Fwp%2Fv2%2Fmedia&parent=1273"}],"curies":[{"name":"wp","href":"https:\/\/api.w.org\/{rel}","templated":true}]}}