{"id":63,"date":"2020-07-02T19:36:03","date_gmt":"2020-07-02T22:36:03","guid":{"rendered":"http:\/\/www.dbvb.utalca.cl\/dbvb\/?page_id=63"},"modified":"2026-03-13T11:03:48","modified_gmt":"2026-03-13T14:03:48","slug":"home-2","status":"publish","type":"page","link":"https:\/\/www.dbvb.utalca.cl\/dbvb\/","title":{"rendered":"Home-2"},"content":{"rendered":"<div class=\"fusion-fullwidth fullwidth-box fusion-builder-row-1 nonhundred-percent-fullwidth non-hundred-percent-height-scrolling\"  style='background-color: rgba(255,255,255,0);background-position: center center;background-repeat: no-repeat;padding-top:0px;padding-right:0px;padding-bottom:0px;padding-left:0px;'><div class=\"fusion-builder-row fusion-row \"><div  class=\"fusion-layout-column fusion_builder_column fusion_builder_column_1_1 fusion-builder-column-0 fusion-one-full fusion-column-first fusion-column-last 1_1\"  style='margin-top:0px;margin-bottom:20px;'><div class=\"fusion-column-wrapper\" style=\"padding: 0px 0px 0px 0px;background-position:left top;background-repeat:no-repeat;-webkit-background-size:cover;-moz-background-size:cover;-o-background-size:cover;background-size:cover;\"   data-bg-url=\"\"><div class=\"fusion-recent-posts fusion-recent-posts-1 avada-container layout-default layout-columns-3\"><section class=\"fusion-columns columns fusion-columns-3 columns-3\"><article class=\"post fusion-column column col col-lg-4 col-md-4 col-sm-4\"><div class=\"fusion-flexslider fusion-flexslider-loading flexslider flexslider-hover-type-zoomout\"><ul class=\"slides\"><li><a href=\"https:\/\/www.dbvb.utalca.cl\/dbvb\/?p=2767\" aria-label=\"Invitaci\u00f3n SEMINARIO INAUGURAL 26.03.26\" class=\"hover-type-zoomout\"><img width=\"700\" height=\"441\" src=\"https:\/\/www.dbvb.utalca.cl\/dbvb\/wp-content\/uploads\/2026\/03\/V5-700x441.png\" class=\"attachment-recent-posts size-recent-posts\" alt=\"\" loading=\"lazy\" srcset=\"https:\/\/www.dbvb.utalca.cl\/dbvb\/wp-content\/uploads\/2026\/03\/V5-320x202.png 320w, https:\/\/www.dbvb.utalca.cl\/dbvb\/wp-content\/uploads\/2026\/03\/V5-700x441.png 700w\" sizes=\"(max-width: 700px) 100vw, 700px\" \/><\/a><\/li><\/ul><\/div><div class=\"recent-posts-content\"><span class=\"vcard\" style=\"display: none;\"><span class=\"fn\"><a href=\"https:\/\/www.dbvb.utalca.cl\/dbvb\/?author=4\" title=\"Publicados por Francisca Faundez\" rel=\"author\">Francisca Faundez<\/a><\/span><\/span><span class=\"updated\" style=\"display:none;\">2026-03-13T10:47:35-03:00<\/span><h4 class=\"entry-title\"><a href=\"https:\/\/www.dbvb.utalca.cl\/dbvb\/?p=2767\">Invitaci\u00f3n SEMINARIO INAUGURAL 26.03.26<\/a><\/h4><p class=\"meta\"><span class=\"vcard\" style=\"display: none;\"><span class=\"fn\"><a href=\"https:\/\/www.dbvb.utalca.cl\/dbvb\/?author=4\" title=\"Publicados por Francisca Faundez\" rel=\"author\">Francisca Faundez<\/a><\/span><\/span><span class=\"updated\" style=\"display:none;\">2026-03-13T10:47:35-03:00<\/span><span>Marzo 13th, 2026<\/span><span class=\"fusion-inline-sep\">|<\/span><span class=\"fusion-comments\"><a href=\"https:\/\/www.dbvb.utalca.cl\/dbvb\/?p=2767#respond\">0 Comments<\/a><\/span><\/p><p>En el marco del Ciclo de\u00a0Seminarios del a\u00f1o acad\u00e9mico 2026, organizado por el Doctorado en Ciencias menci\u00f3n Biolog\u00eda Vegetal y Biotecnolog\u00eda (DBVB), tenemos el agrado de invitarlas\/os a participar del\u00a0SEMINARIO\u00a0INAUGURAL, con la charla titulada: \u201c\u00bfC\u00f3mo [...]<\/p><\/div><\/article><article class=\"post fusion-column column col col-lg-4 col-md-4 col-sm-4\"><div class=\"fusion-flexslider fusion-flexslider-loading flexslider flexslider-hover-type-zoomout\"><ul class=\"slides\"><li><a href=\"https:\/\/www.dbvb.utalca.cl\/dbvb\/?p=2738\" aria-label=\"Jornada cient\u00edfica destac\u00f3 el rol del doctorado en biolog\u00eda vegetal y biotecnolog\u00eda en la formaci\u00f3n de capital humano avanzado\" class=\"hover-type-zoomout\"><img width=\"700\" height=\"441\" src=\"https:\/\/www.dbvb.utalca.cl\/dbvb\/wp-content\/uploads\/2026\/01\/1000090351-700x441.jpg\" class=\"attachment-recent-posts size-recent-posts\" alt=\"\" loading=\"lazy\" srcset=\"https:\/\/www.dbvb.utalca.cl\/dbvb\/wp-content\/uploads\/2026\/01\/1000090351-320x202.jpg 320w, https:\/\/www.dbvb.utalca.cl\/dbvb\/wp-content\/uploads\/2026\/01\/1000090351-700x441.jpg 700w\" sizes=\"(max-width: 700px) 100vw, 700px\" \/><\/a><\/li><\/ul><\/div><div class=\"recent-posts-content\"><span class=\"vcard\" style=\"display: none;\"><span class=\"fn\"><a href=\"https:\/\/www.dbvb.utalca.cl\/dbvb\/?author=4\" title=\"Publicados por Francisca Faundez\" rel=\"author\">Francisca Faundez<\/a><\/span><\/span><span class=\"updated\" style=\"display:none;\">2026-01-30T16:58:14-03:00<\/span><h4 class=\"entry-title\"><a href=\"https:\/\/www.dbvb.utalca.cl\/dbvb\/?p=2738\">Jornada cient\u00edfica destac\u00f3 el rol del doctorado en biolog\u00eda vegetal y biotecnolog\u00eda en la formaci\u00f3n de capital humano avanzado<\/a><\/h4><p class=\"meta\"><span class=\"vcard\" style=\"display: none;\"><span class=\"fn\"><a href=\"https:\/\/www.dbvb.utalca.cl\/dbvb\/?author=4\" title=\"Publicados por Francisca Faundez\" rel=\"author\">Francisca Faundez<\/a><\/span><\/span><span class=\"updated\" style=\"display:none;\">2026-01-30T16:58:14-03:00<\/span><span>Enero 30th, 2026<\/span><span class=\"fusion-inline-sep\">|<\/span><span class=\"fusion-comments\"><a href=\"https:\/\/www.dbvb.utalca.cl\/dbvb\/?p=2738#respond\">0 Comments<\/a><\/span><\/p><p>En el marco de la 10\u00aa versi\u00f3n de las Jornadas de Postgrado del Instituto de Ciencias Biol\u00f3gicas de la Universidad de Talca, se destac\u00f3 el rol del Programa de Doctorado en Ciencias, menci\u00f3n Biolog\u00eda Vegetal [...]<\/p><\/div><\/article><article class=\"post fusion-column column col col-lg-4 col-md-4 col-sm-4\"><div class=\"fusion-flexslider fusion-flexslider-loading flexslider flexslider-hover-type-zoomout\"><ul class=\"slides\"><li><a href=\"https:\/\/www.dbvb.utalca.cl\/dbvb\/?p=2734\" aria-label=\"Adjudicaci\u00f3n Proyectos Fondecyt Regular 2026\" class=\"hover-type-zoomout\"><img width=\"700\" height=\"441\" src=\"https:\/\/www.dbvb.utalca.cl\/dbvb\/wp-content\/uploads\/2026\/01\/v2-700x441.png\" class=\"attachment-recent-posts size-recent-posts\" alt=\"\" loading=\"lazy\" srcset=\"https:\/\/www.dbvb.utalca.cl\/dbvb\/wp-content\/uploads\/2026\/01\/v2-320x202.png 320w, https:\/\/www.dbvb.utalca.cl\/dbvb\/wp-content\/uploads\/2026\/01\/v2-700x441.png 700w\" sizes=\"(max-width: 700px) 100vw, 700px\" \/><\/a><\/li><\/ul><\/div><div class=\"recent-posts-content\"><span class=\"vcard\" style=\"display: none;\"><span class=\"fn\"><a href=\"https:\/\/www.dbvb.utalca.cl\/dbvb\/?author=4\" title=\"Publicados por Francisca Faundez\" rel=\"author\">Francisca Faundez<\/a><\/span><\/span><span class=\"updated\" style=\"display:none;\">2026-01-28T10:24:39-03:00<\/span><h4 class=\"entry-title\"><a href=\"https:\/\/www.dbvb.utalca.cl\/dbvb\/?p=2734\">Adjudicaci\u00f3n Proyectos Fondecyt Regular 2026<\/a><\/h4><p class=\"meta\"><span class=\"vcard\" style=\"display: none;\"><span class=\"fn\"><a href=\"https:\/\/www.dbvb.utalca.cl\/dbvb\/?author=4\" title=\"Publicados por Francisca Faundez\" rel=\"author\">Francisca Faundez<\/a><\/span><\/span><span class=\"updated\" style=\"display:none;\">2026-01-28T10:24:39-03:00<\/span><span>Enero 28th, 2026<\/span><span class=\"fusion-inline-sep\">|<\/span><span class=\"fusion-comments\"><a href=\"https:\/\/www.dbvb.utalca.cl\/dbvb\/?p=2734#respond\">0 Comments<\/a><\/span><\/p><p>Felicitamos y destacamos a los acad\u00e9micos del programa de Doctorado en Ciencias menci\u00f3n Biolog\u00eda Vegetal y Biotecnolog\u00eda, quienes se adjudicaron Proyectos Fondecyt Regular 2026. - Dr. Freddy Mora - Dr. Carlos Figueroa - Dr. Ingo [...]<\/p><\/div><\/article><\/section><\/div><div class=\"fusion-builder-row fusion-builder-row-inner fusion-row \"><div  class=\"fusion-layout-column fusion_builder_column fusion_builder_column_1_1 fusion-builder-nested-column-1 fusion-one-full fusion-column-first fusion-column-last 1_1\"  style='margin-top: 0px;margin-bottom: 20px;'>\n\t\t\t\t\t<div class=\"fusion-column-wrapper fusion-column-wrapper-1\" style=\"padding: 0px 0px 0px 0px;background-position:left top;background-repeat:no-repeat;-webkit-background-size:cover;-moz-background-size:cover;-o-background-size:cover;background-size:cover;\" data-bg-url=\"\">\n\t\t\t\t\t\t<div class=\"fusion-button-wrapper fusion-align-block\"><style type=\"text\/css\">.fusion-button.button-1 .fusion-button-text, .fusion-button.button-1 i {color:#ffffff;}.fusion-button.button-1 .fusion-button-icon-divider{border-color:#ffffff;}.fusion-button.button-1:hover .fusion-button-text, .fusion-button.button-1:hover i,.fusion-button.button-1:focus .fusion-button-text, .fusion-button.button-1:focus i,.fusion-button.button-1:active .fusion-button-text, .fusion-button.button-1:active{color:#ffffff;}.fusion-button.button-1:hover .fusion-button-icon-divider, .fusion-button.button-1:hover .fusion-button-icon-divider, .fusion-button.button-1:active .fusion-button-icon-divider{border-color:#ffffff;}.fusion-button.button-1:hover, .fusion-button.button-1:focus, .fusion-button.button-1:active{border-color:#ffffff;}.fusion-button.button-1 {border-color:#ffffff;border-radius:0px;}.fusion-button.button-1.button-3d{-webkit-box-shadow: inset 0px 1px 0px #fff,0px 4px 0px #5db072,1px 6px 6px 3px rgba(0,0,0,0.3);-moz-box-shadow: inset 0px 1px 0px #fff,0px 4px 0px #5db072,1px 6px 6px 3px rgba(0,0,0,0.3);box-shadow: inset 0px 1px 0px #fff,0px 4px 0px #5db072,1px 6px 6px 3px rgba(0,0,0,0.3);}.button-1.button-3d:active{-webkit-box-shadow: inset 0px 1px 0px #fff,0px 4px 0px #5db072,1px 6px 6px 3px rgba(0,0,0,0.3);-moz-box-shadow: inset 0px 1px 0px #fff,0px 4px 0px #5db072,1px 6px 6px 3px rgba(0,0,0,0.3);box-shadow: inset 0px 1px 0px #fff,0px 4px 0px #5db072,1px 6px 6px 3px rgba(0,0,0,0.3);}.fusion-button.button-1{background: #65bc7b;}.fusion-button.button-1:hover,.button-1:focus,.fusion-button.button-1:active{background: #5aa86c;}<\/style><a class=\"fusion-button button-3d fusion-button-default-size button-custom button-1 fusion-button-span-yes \" target=\"_blank\" rel=\"noopener noreferrer\" href=\"https:\/\/api.whatsapp.com\/send?phone=56977972803&amp;text=Chatea%20con%20nuestros%20alumnos%20y%20Conoce%20Nuestro%20Doctorado\"><span class=\"fusion-button-icon-divider button-icon-divider-left\"><i class=\"fa-whatsapp fab\"><\/i><\/span><span class=\"fusion-button-text fusion-button-text-left\">Chatea con nuestros alumnos y conoce nuestro programa desde sus experiencias<\/span><\/a><\/div>\n\n\t\t\t\t\t<\/div>\n\t\t\t\t<\/div><div  class=\"fusion-layout-column fusion_builder_column fusion_builder_column_1_2 fusion-builder-nested-column-2 fusion-one-half fusion-column-first 1_2\"  style='margin-top: 0px;margin-bottom: 20px;width:48%; margin-right:4%;'>\n\t\t\t\t\t<div class=\"fusion-column-wrapper fusion-column-wrapper-2\" style=\"padding: 0px 0px 0px 0px;background-position:left top;background-repeat:no-repeat;-webkit-background-size:cover;-moz-background-size:cover;-o-background-size:cover;background-size:cover;\" data-bg-url=\"\">\n\t\t\t\t\t\t<div class=\"fusion-video fusion-youtube\" style=\"max-width:600px;max-height:360px;\"><div class=\"video-shortcode\"><iframe title=\"YouTube video player\" src=\"https:\/\/www.youtube.com\/embed\/-xS3ETGalgU?wmode=transparent&autoplay=0\" width=\"600\" height=\"360\" allowfullscreen allow=\"autoplay; fullscreen\"><\/iframe><\/div><\/div>\n\n\t\t\t\t\t<\/div>\n\t\t\t\t<\/div><div  class=\"fusion-layout-column fusion_builder_column fusion_builder_column_1_2 fusion-builder-nested-column-3 fusion-one-half fusion-column-last 1_2\"  style='margin-top: 0px;margin-bottom: 20px;width:48%'>\n\t\t\t\t\t<div class=\"fusion-column-wrapper fusion-column-wrapper-3\" style=\"padding: 0px 0px 0px 0px;background-position:left top;background-repeat:no-repeat;-webkit-background-size:cover;-moz-background-size:cover;-o-background-size:cover;background-size:cover;\" data-bg-url=\"\">\n\t\t\t\t\t\t<div class=\"fusion-video fusion-youtube fusion-aligncenter\" style=\"max-width:600px;max-height:360px; width:100%\"><div class=\"video-shortcode\"><iframe title=\"YouTube video player\" src=\"https:\/\/www.youtube.com\/embed\/aV16F6x9WMI?wmode=transparent&autoplay=0\" width=\"600\" height=\"360\" allowfullscreen allow=\"autoplay; fullscreen\"><\/iframe><\/div><\/div>\n\n\t\t\t\t\t<\/div>\n\t\t\t\t<\/div><\/div><div class=\"fusion-clearfix\"><\/div><\/div><\/div><\/div><\/div><style type=\"text\/css\">.fusion-fullwidth.fusion-builder-row-1 a:not(.fusion-button):not(.fusion-builder-module-control):not(.fusion-social-network-icon):not(.fb-icon-element):not(.fusion-countdown-link):not(.fusion-rollover-link):not(.fusion-rollover-gallery):not(.fusion-button-bar):not(.add_to_cart_button):not(.show_details_button):not(.product_type_external):not(.fusion-quick-view):not(.fusion-rollover-title-link):not(.fusion-breadcrumb-link) , .fusion-fullwidth.fusion-builder-row-1 a:not(.fusion-button):not(.fusion-builder-module-control):not(.fusion-social-network-icon):not(.fb-icon-element):not(.fusion-countdown-link):not(.fusion-rollover-link):not(.fusion-rollover-gallery):not(.fusion-button-bar):not(.add_to_cart_button):not(.show_details_button):not(.product_type_external):not(.fusion-quick-view):not(.fusion-rollover-title-link):not(.fusion-breadcrumb-link):before, .fusion-fullwidth.fusion-builder-row-1 a:not(.fusion-button):not(.fusion-builder-module-control):not(.fusion-social-network-icon):not(.fb-icon-element):not(.fusion-countdown-link):not(.fusion-rollover-link):not(.fusion-rollover-gallery):not(.fusion-button-bar):not(.add_to_cart_button):not(.show_details_button):not(.product_type_external):not(.fusion-quick-view):not(.fusion-rollover-title-link):not(.fusion-breadcrumb-link):after {color: #212934;}.fusion-fullwidth.fusion-builder-row-1 a:not(.fusion-button):not(.fusion-builder-module-control):not(.fusion-social-network-icon):not(.fb-icon-element):not(.fusion-countdown-link):not(.fusion-rollover-link):not(.fusion-rollover-gallery):not(.fusion-button-bar):not(.add_to_cart_button):not(.show_details_button):not(.product_type_external):not(.fusion-quick-view):not(.fusion-rollover-title-link):not(.fusion-breadcrumb-link):hover, .fusion-fullwidth.fusion-builder-row-1 a:not(.fusion-button):not(.fusion-builder-module-control):not(.fusion-social-network-icon):not(.fb-icon-element):not(.fusion-countdown-link):not(.fusion-rollover-link):not(.fusion-rollover-gallery):not(.fusion-button-bar):not(.add_to_cart_button):not(.show_details_button):not(.product_type_external):not(.fusion-quick-view):not(.fusion-rollover-title-link):not(.fusion-breadcrumb-link):hover:before, .fusion-fullwidth.fusion-builder-row-1 a:not(.fusion-button):not(.fusion-builder-module-control):not(.fusion-social-network-icon):not(.fb-icon-element):not(.fusion-countdown-link):not(.fusion-rollover-link):not(.fusion-rollover-gallery):not(.fusion-button-bar):not(.add_to_cart_button):not(.show_details_button):not(.product_type_external):not(.fusion-quick-view):not(.fusion-rollover-title-link):not(.fusion-breadcrumb-link):hover:after {color: #00bcd4;}.fusion-fullwidth.fusion-builder-row-1 .pagination a.inactive:hover, .fusion-fullwidth.fusion-builder-row-1 .fusion-filters .fusion-filter.fusion-active a {border-color: #00bcd4;}.fusion-fullwidth.fusion-builder-row-1 .pagination .current {border-color: #00bcd4; background-color: #00bcd4;}.fusion-fullwidth.fusion-builder-row-1 .fusion-filters .fusion-filter.fusion-active a, .fusion-fullwidth.fusion-builder-row-1 .fusion-date-and-formats .fusion-format-box, .fusion-fullwidth.fusion-builder-row-1 .fusion-popover, .fusion-fullwidth.fusion-builder-row-1 .tooltip-shortcode {color: #00bcd4;}#main .fusion-fullwidth.fusion-builder-row-1 .post .blog-shortcode-post-title a:hover {color: #00bcd4;}<\/style>\n","protected":false},"excerpt":{"rendered":"","protected":false},"author":1,"featured_media":0,"parent":0,"menu_order":0,"comment_status":"closed","ping_status":"closed","template":"","meta":[],"_links":{"self":[{"href":"https:\/\/www.dbvb.utalca.cl\/dbvb\/index.php?rest_route=\/wp\/v2\/pages\/63"}],"collection":[{"href":"https:\/\/www.dbvb.utalca.cl\/dbvb\/index.php?rest_route=\/wp\/v2\/pages"}],"about":[{"href":"https:\/\/www.dbvb.utalca.cl\/dbvb\/index.php?rest_route=\/wp\/v2\/types\/page"}],"author":[{"embeddable":true,"href":"https:\/\/www.dbvb.utalca.cl\/dbvb\/index.php?rest_route=\/wp\/v2\/users\/1"}],"replies":[{"embeddable":true,"href":"https:\/\/www.dbvb.utalca.cl\/dbvb\/index.php?rest_route=%2Fwp%2Fv2%2Fcomments&post=63"}],"version-history":[{"count":22,"href":"https:\/\/www.dbvb.utalca.cl\/dbvb\/index.php?rest_route=\/wp\/v2\/pages\/63\/revisions"}],"predecessor-version":[{"id":1489,"href":"https:\/\/www.dbvb.utalca.cl\/dbvb\/index.php?rest_route=\/wp\/v2\/pages\/63\/revisions\/1489"}],"wp:attachment":[{"href":"https:\/\/www.dbvb.utalca.cl\/dbvb\/index.php?rest_route=%2Fwp%2Fv2%2Fmedia&parent=63"}],"curies":[{"name":"wp","href":"https:\/\/api.w.org\/{rel}","templated":true}]}}